{"id":615,"date":"2021-07-27T17:03:59","date_gmt":"2021-07-27T15:03:59","guid":{"rendered":"https:\/\/fincavinedosdebutron.com\/contact\/"},"modified":"2022-08-08T09:57:51","modified_gmt":"2022-08-08T07:57:51","slug":"contact","status":"publish","type":"page","link":"https:\/\/fincavinedosdebutron.com\/en\/contact\/","title":{"rendered":"Contact"},"content":{"rendered":"<div class=\"wpb-content-wrapper\"><p>[vc_section full_width=&#8221;stretch_row&#8221; css=&#8221;.vc_custom_1627398147768{margin-top: -50px !important;padding-top: 250px !important;padding-bottom: 50px !important;background-image: url(https:\/\/fincavinedosdebutron.com\/wp-content\/uploads\/2021\/07\/contacto-header.jpg?id=359) !important;background-position: center !important;background-repeat: no-repeat !important;background-size: cover !important;}&#8221;][vc_row full_width=&#8221;stretch_row&#8221;][vc_column][vc_column_text]<\/p>\n<h1 class=\"texto-dcha blanco uppercase\">Contact<\/h1>\n<p>[\/vc_column_text][\/vc_column][\/vc_row][\/vc_section][vc_section full_width=&#8221;stretch_row&#8221; content_placement=&#8221;middle&#8221; css=&#8221;.vc_custom_1627469295958{margin-top: 64px !important;background-image: url(https:\/\/fincavinedosdebutron.com\/wp-content\/uploads\/2021\/07\/finca-vinedos-contacto.jpg?id=298) !important;background-position: center !important;background-repeat: no-repeat !important;background-size: contain !important;}&#8221; el_class=&#8221;section-contacto&#8221;][vc_row css=&#8221;.vc_custom_1627385210711{margin-top: 64px !important;}&#8221;][vc_column offset=&#8221;vc_hidden-lg vc_hidden-md vc_col-xs-12&#8243; css=&#8221;.vc_custom_1627385280683{margin-top: 64px !important;padding-top: 250px !important;padding-bottom: 250px !important;background-image: url(https:\/\/fincavinedosdebutron.com\/wp-content\/uploads\/2021\/07\/finca-vinedos-contacto.jpg?id=298) !important;background-position: center !important;background-repeat: no-repeat !important;background-size: cover !important;}&#8221;][\/vc_column][vc_column css=&#8221;.vc_custom_1627385326809{padding-top: 48px !important;padding-right: 32px !important;padding-bottom: 48px !important;padding-left: 32px !important;background-color: #e5e0da !important;}&#8221; el_class=&#8221;contacto-home&#8221; offset=&#8221;vc_hidden-lg vc_hidden-md vc_col-xs-12&#8243;][vc_column_text]<\/p>\n<h2>Contact<br \/>\nthe team<\/h2>\n<p>[\/vc_column_text][vc_column_text css=&#8221;.vc_custom_1624621893626{margin-top: 80px !important;}&#8221;]Our team is an expert in all types of events and they advise you throughout the process so that your wedding goes perfectly and you get the WOW effect on the guests.[\/vc_column_text]\n<div class=\"wpcf7 no-js\" id=\"wpcf7-f108-o1\" lang=\"es-ES\" dir=\"ltr\" data-wpcf7-id=\"108\">\n<div class=\"screen-reader-response\"><p role=\"status\" aria-live=\"polite\" aria-atomic=\"true\"><\/p> <ul><\/ul><\/div>\n<form action=\"\/en\/wp-json\/wp\/v2\/pages\/615#wpcf7-f108-o1\" method=\"post\" class=\"wpcf7-form init\" aria-label=\"Formulario de contacto\" novalidate=\"novalidate\" data-status=\"init\">\n<fieldset class=\"hidden-fields-container\"><input type=\"hidden\" name=\"_wpcf7\" value=\"108\" \/><input type=\"hidden\" name=\"_wpcf7_version\" value=\"6.1.5\" \/><input type=\"hidden\" name=\"_wpcf7_locale\" value=\"es_ES\" \/><input type=\"hidden\" name=\"_wpcf7_unit_tag\" value=\"wpcf7-f108-o1\" \/><input type=\"hidden\" name=\"_wpcf7_container_post\" value=\"0\" \/><input type=\"hidden\" name=\"_wpcf7_posted_data_hash\" value=\"\" \/><input type=\"hidden\" name=\"_wpcf7_recaptcha_response\" value=\"\" \/>\n<\/fieldset>\n<div class=\"vc_row\">\n\t<div class=\"vc_col-md-12\">\n\t\t<p><span class=\"wpcf7-form-control-wrap\" data-name=\"nombre\"><input size=\"40\" maxlength=\"400\" class=\"wpcf7-form-control wpcf7-text wpcf7-validates-as-required\" aria-required=\"true\" aria-invalid=\"false\" placeholder=\"\u00bfC\u00f3mo os llam\u00e1is? *\" value=\"\" type=\"text\" name=\"nombre\" \/><\/span>\n\t\t<\/p>\n\t<\/div>\n\t<div class=\"vc_col-md-6\">\n\t\t<p><span class=\"wpcf7-form-control-wrap\" data-name=\"fecha\"><input size=\"40\" maxlength=\"400\" class=\"wpcf7-form-control wpcf7-text wpcf7-validates-as-required\" aria-required=\"true\" aria-invalid=\"false\" placeholder=\"Fecha del evento *\" value=\"\" type=\"text\" name=\"fecha\" \/><\/span>\n\t\t<\/p>\n\t<\/div>\n\t<div class=\"vc_col-md-6\">\n\t\t<p><span class=\"wpcf7-form-control-wrap\" data-name=\"invitados\"><input size=\"40\" maxlength=\"400\" class=\"wpcf7-form-control wpcf7-text wpcf7-validates-as-required\" aria-required=\"true\" aria-invalid=\"false\" placeholder=\"N\u00ba aprox de invitados *\" value=\"\" type=\"text\" name=\"invitados\" \/><\/span>\n\t\t<\/p>\n\t<\/div>\n\t<div class=\"vc_col-md-6\">\n\t\t<p><span class=\"wpcf7-form-control-wrap\" data-name=\"telefono\"><input size=\"40\" maxlength=\"400\" class=\"wpcf7-form-control wpcf7-tel wpcf7-validates-as-required wpcf7-text wpcf7-validates-as-tel\" aria-required=\"true\" aria-invalid=\"false\" placeholder=\"Tel\u00e9fono *\" value=\"\" type=\"tel\" name=\"telefono\" \/><\/span>\n\t\t<\/p>\n\t<\/div>\n\t<div class=\"vc_col-md-6\">\n\t\t<p><span class=\"wpcf7-form-control-wrap\" data-name=\"email\"><input size=\"40\" maxlength=\"400\" class=\"wpcf7-form-control wpcf7-email wpcf7-validates-as-required wpcf7-text wpcf7-validates-as-email\" aria-required=\"true\" aria-invalid=\"false\" placeholder=\"E-mail *\" value=\"\" type=\"email\" name=\"email\" \/><\/span>\n\t\t<\/p>\n\t<\/div>\n\t<div class=\"vc_col-md-12\">\n\t\t<p><span class=\"wpcf7-form-control-wrap\" data-name=\"mensaje\"><textarea cols=\"40\" rows=\"4\" maxlength=\"2000\" class=\"wpcf7-form-control wpcf7-textarea\" aria-invalid=\"false\" placeholder=\"\u00bfQuer\u00e9is contarnos m\u00e1s?\" name=\"mensaje\"><\/textarea><\/span>\n\t\t<\/p>\n\t<\/div>\n<\/div>\n<div class=\"vc_row\">\n\t<div class=\"vc_col-md-12\">\n\t\t<p><span class=\"wpcf7-form-control-wrap\" data-name=\"acceptance-200\"><span class=\"wpcf7-form-control wpcf7-acceptance\"><span class=\"wpcf7-list-item\"><input type=\"checkbox\" name=\"acceptance-200\" value=\"1\" aria-invalid=\"false\" \/><\/span><\/span><\/span> Acepto la pol\u00edtica de privacidad\n\t\t<\/p>\n\t\t<p style=\"font-size: 12px; line-height:1.2rem; color:#666;\"><br \/>\nLos campos marcados con (*) son obligatorios.<br \/>\n1. Administrador de datos: Finca Vi\u00f1edos de Butr\u00f3n<br \/>\n2. Prop\u00f3sito de datos: Relaci\u00f3n comercial e informaci\u00f3n sobre nuestros productos y servicios.<br \/>\n3. Almacenamiento de datos: Base de datos alojada en Cloudflare<br \/>\n4. Derechos: En cualquier momento puede <a href=\"\/politica-de-privacidad-politica-de-cookies-y-aviso-legal\/\" target=\"_blank\">limitar, recuperar, y eliminar su informaci\u00f3n.<\/a>\n\t\t<\/p>\n\t\t<p><input class=\"wpcf7-form-control wpcf7-submit has-spinner\" type=\"submit\" value=\"Enviar\" \/>\n\t\t<\/p>\n\t<\/div>\n<\/div><div class=\"wpcf7-response-output\" aria-hidden=\"true\"><\/div>\n<\/form>\n<\/div>\n[\/vc_column][\/vc_row][vc_row][vc_column css=&#8221;.vc_custom_1627388434218{padding-top: 48px !important;padding-right: 32px !important;padding-bottom: 48px !important;padding-left: 80px !important;background-color: #e5e0da !important;}&#8221; el_class=&#8221;contacto-home&#8221; offset=&#8221;vc_col-lg-7 vc_col-md-6 vc_hidden-sm vc_hidden-xs&#8221;][vc_column_text]<\/p>\n<h2>Contact<br \/>\nthe team<\/h2>\n<p>[\/vc_column_text][vc_column_text css=&#8221;.vc_custom_1624621893626{margin-top: 80px !important;}&#8221;]Our team is an expert in all types of events and they advise you throughout the process so that your wedding goes perfectly and you get the WOW effect on the guests.[\/vc_column_text]\n<div class=\"wpcf7 no-js\" id=\"wpcf7-f638-o2\" lang=\"es-ES\" dir=\"ltr\" data-wpcf7-id=\"638\">\n<div class=\"screen-reader-response\"><p role=\"status\" aria-live=\"polite\" aria-atomic=\"true\"><\/p> <ul><\/ul><\/div>\n<form action=\"\/en\/wp-json\/wp\/v2\/pages\/615#wpcf7-f638-o2\" method=\"post\" class=\"wpcf7-form init\" aria-label=\"Formulario de contacto\" novalidate=\"novalidate\" data-status=\"init\">\n<fieldset class=\"hidden-fields-container\"><input type=\"hidden\" name=\"_wpcf7\" value=\"638\" \/><input type=\"hidden\" name=\"_wpcf7_version\" value=\"6.1.5\" \/><input type=\"hidden\" name=\"_wpcf7_locale\" value=\"es_ES\" \/><input type=\"hidden\" name=\"_wpcf7_unit_tag\" value=\"wpcf7-f638-o2\" \/><input type=\"hidden\" name=\"_wpcf7_container_post\" value=\"0\" \/><input type=\"hidden\" name=\"_wpcf7_posted_data_hash\" value=\"\" \/><input type=\"hidden\" name=\"_wpcf7_recaptcha_response\" value=\"\" \/>\n<\/fieldset>\n<div class=\"vc_row\">\n\t<div class=\"vc_col-md-12\">\n\t\t<p><span class=\"wpcf7-form-control-wrap\" data-name=\"nombre\"><input size=\"40\" maxlength=\"400\" class=\"wpcf7-form-control wpcf7-text wpcf7-validates-as-required\" aria-required=\"true\" aria-invalid=\"false\" placeholder=\"What is your name? *\" value=\"\" type=\"text\" name=\"nombre\" \/><\/span>\n\t\t<\/p>\n\t<\/div>\n\t<div class=\"vc_col-md-6\">\n\t\t<p><span class=\"wpcf7-form-control-wrap\" data-name=\"fecha\"><input size=\"40\" maxlength=\"400\" class=\"wpcf7-form-control wpcf7-text wpcf7-validates-as-required\" aria-required=\"true\" aria-invalid=\"false\" placeholder=\"Date of event *\" value=\"\" type=\"text\" name=\"fecha\" \/><\/span>\n\t\t<\/p>\n\t<\/div>\n\t<div class=\"vc_col-md-6\">\n\t\t<p><span class=\"wpcf7-form-control-wrap\" data-name=\"invitados\"><input size=\"40\" maxlength=\"400\" class=\"wpcf7-form-control wpcf7-text wpcf7-validates-as-required\" aria-required=\"true\" aria-invalid=\"false\" placeholder=\"Approx. number of guests *\" value=\"\" type=\"text\" name=\"invitados\" \/><\/span>\n\t\t<\/p>\n\t<\/div>\n\t<div class=\"vc_col-md-6\">\n\t\t<p><span class=\"wpcf7-form-control-wrap\" data-name=\"telefono\"><input size=\"40\" maxlength=\"400\" class=\"wpcf7-form-control wpcf7-tel wpcf7-validates-as-required wpcf7-text wpcf7-validates-as-tel\" aria-required=\"true\" aria-invalid=\"false\" placeholder=\"Telephone *\" value=\"\" type=\"tel\" name=\"telefono\" \/><\/span>\n\t\t<\/p>\n\t<\/div>\n\t<div class=\"vc_col-md-6\">\n\t\t<p><span class=\"wpcf7-form-control-wrap\" data-name=\"email\"><input size=\"40\" maxlength=\"400\" class=\"wpcf7-form-control wpcf7-email wpcf7-validates-as-required wpcf7-text wpcf7-validates-as-email\" aria-required=\"true\" aria-invalid=\"false\" placeholder=\"E-mail *\" value=\"\" type=\"email\" name=\"email\" \/><\/span>\n\t\t<\/p>\n\t<\/div>\n\t<div class=\"vc_col-md-12\">\n\t\t<p><span class=\"wpcf7-form-control-wrap\" data-name=\"mensaje\"><textarea cols=\"40\" rows=\"4\" maxlength=\"2000\" class=\"wpcf7-form-control wpcf7-textarea\" aria-invalid=\"false\" placeholder=\"Want to tell us more?\" name=\"mensaje\"><\/textarea><\/span>\n\t\t<\/p>\n\t<\/div>\n<\/div>\n<div class=\"vc_row\">\n\t<div class=\"vc_col-md-12\">\n\t\t<p><span class=\"wpcf7-form-control-wrap\" data-name=\"acceptance-200\"><span class=\"wpcf7-form-control wpcf7-acceptance\"><span class=\"wpcf7-list-item\"><input type=\"checkbox\" name=\"acceptance-200\" value=\"1\" aria-invalid=\"false\" \/><\/span><\/span><\/span> I accept the privacy policy\n\t\t<\/p>\n\t\t<p style=\"font-size: 12px; line-height:1.2rem; color:#666;\"><br \/>\nThe fields marked with (*) are mandatory.<br \/>\n1. Data administrator: Finca Vi\u00f1edos de Butron.<br \/>\n2. Data purpose: Commercial relationship and information about our products and services.<br \/>\n3. Data storage: Database hosted by Cloudflare.<br \/>\n4. Rights: At any time you may <a href=\"\/privacy-policy-cookies-policy-and-legal-notice\/\" target=\"_blank\">limit, retrieve, and delete your information<\/a>.\n\t\t<\/p>\n\t\t<p><input class=\"wpcf7-form-control wpcf7-submit has-spinner\" type=\"submit\" value=\"Send\" \/>\n\t\t<\/p>\n\t<\/div>\n<\/div><div class=\"wpcf7-response-output\" aria-hidden=\"true\"><\/div>\n<\/form>\n<\/div>\n[\/vc_column][vc_column offset=&#8221;vc_col-lg-4 vc_col-md-6 vc_hidden-sm vc_col-xs-12 vc_hidden-xs&#8221;][\/vc_column][vc_column width=&#8221;1\/12&#8243;][\/vc_column][\/vc_row][\/vc_section]<\/p>\n<\/div>","protected":false},"excerpt":{"rendered":"<p>[vc_section full_width=&#8221;stretch_row&#8221; css=&#8221;.vc_custom_1627398147768{margin-top: -50px !important;padding-top: 250px !important;padding-bottom: 50px !important;background-image: url(https:\/\/fincavinedosdebutron.com\/wp-content\/uploads\/2021\/07\/contacto-header.jpg?id=359) !important;background-position: center !important;background-repeat: no-repeat !important;background-size: cover !important;}&#8221;][vc_row full_width=&#8221;stretch_row&#8221;][vc_column][vc_column_text] Contact [\/vc_column_text][\/vc_column][\/vc_row][\/vc_section][vc_section full_width=&#8221;stretch_row&#8221; content_placement=&#8221;middle&#8221; css=&#8221;.vc_custom_1627469295958{margin-top: 64px !important;background-image: url(https:\/\/fincavinedosdebutron.com\/wp-content\/uploads\/2021\/07\/finca-vinedos-contacto.jpg?id=298) !important;background-position: center !important;background-repeat: no-repeat !important;background-size: contain !important;}&#8221; el_class=&#8221;section-contacto&#8221;][vc_row css=&#8221;.vc_custom_1627385210711{margin-top: 64px !important;}&#8221;][vc_column offset=&#8221;vc_hidden-lg vc_hidden-md vc_col-xs-12&#8243; css=&#8221;.vc_custom_1627385280683{margin-top: 64px !important;padding-top: 250px !important;padding-bottom: 250px !important;background-image: url(https:\/\/fincavinedosdebutron.com\/wp-content\/uploads\/2021\/07\/finca-vinedos-contacto.jpg?id=298) !important;background-position: center !important;background-repeat: no-repeat !important;background-size: cover !important;}&#8221;][\/vc_column][vc_column&hellip;<\/p>\n","protected":false},"author":1,"featured_media":0,"parent":0,"menu_order":0,"comment_status":"closed","ping_status":"closed","template":"","meta":{"_acf_changed":false,"footnotes":""},"class_list":["post-615","page","type-page","status-publish","hentry","description-off"],"acf":[],"yoast_head":"<!-- This site is optimized with the Yoast SEO plugin v27.4 - https:\/\/yoast.com\/product\/yoast-seo-wordpress\/ -->\n<title>Contact - Finca Vi\u00f1edos de Butr\u00f3n<\/title>\n<meta name=\"robots\" content=\"index, follow, max-snippet:-1, max-image-preview:large, max-video-preview:-1\" \/>\n<link rel=\"canonical\" href=\"http:\/\/fincavinedosdebutron.com\/en\/contact\/\" \/>\n<meta property=\"og:locale\" content=\"en_US\" \/>\n<meta property=\"og:type\" content=\"article\" \/>\n<meta property=\"og:title\" content=\"Contact - Finca Vi\u00f1edos de Butr\u00f3n\" \/>\n<meta property=\"og:description\" content=\"[vc_section full_width=&#8221;stretch_row&#8221; css=&#8221;.vc_custom_1627398147768{margin-top: -50px !important;padding-top: 250px !important;padding-bottom: 50px !important;background-image: url(https:\/\/fincavinedosdebutron.com\/wp-content\/uploads\/2021\/07\/contacto-header.jpg?id=359) !important;background-position: center !important;background-repeat: no-repeat !important;background-size: cover !important;}&#8221;][vc_row full_width=&#8221;stretch_row&#8221;][vc_column][vc_column_text] Contact [\/vc_column_text][\/vc_column][\/vc_row][\/vc_section][vc_section full_width=&#8221;stretch_row&#8221; content_placement=&#8221;middle&#8221; css=&#8221;.vc_custom_1627469295958{margin-top: 64px !important;background-image: url(https:\/\/fincavinedosdebutron.com\/wp-content\/uploads\/2021\/07\/finca-vinedos-contacto.jpg?id=298) !important;background-position: center !important;background-repeat: no-repeat !important;background-size: contain !important;}&#8221; el_class=&#8221;section-contacto&#8221;][vc_row css=&#8221;.vc_custom_1627385210711{margin-top: 64px !important;}&#8221;][vc_column offset=&#8221;vc_hidden-lg vc_hidden-md vc_col-xs-12&#8243; css=&#8221;.vc_custom_1627385280683{margin-top: 64px !important;padding-top: 250px !important;padding-bottom: 250px !important;background-image: url(https:\/\/fincavinedosdebutron.com\/wp-content\/uploads\/2021\/07\/finca-vinedos-contacto.jpg?id=298) !important;background-position: center !important;background-repeat: no-repeat !important;background-size: cover !important;}&#8221;][\/vc_column][vc_column&hellip;\" \/>\n<meta property=\"og:url\" content=\"http:\/\/fincavinedosdebutron.com\/en\/contact\/\" \/>\n<meta property=\"og:site_name\" content=\"Finca Vi\u00f1edos de Butr\u00f3n\" \/>\n<meta property=\"article:modified_time\" content=\"2022-08-08T07:57:51+00:00\" \/>\n<meta name=\"twitter:card\" content=\"summary_large_image\" \/>\n<meta name=\"twitter:label1\" content=\"Est. reading time\" \/>\n\t<meta name=\"twitter:data1\" content=\"1 minute\" \/>\n<script type=\"application\/ld+json\" class=\"yoast-schema-graph\">{\"@context\":\"https:\\\/\\\/schema.org\",\"@graph\":[{\"@type\":\"WebPage\",\"@id\":\"http:\\\/\\\/fincavinedosdebutron.com\\\/en\\\/contact\\\/\",\"url\":\"http:\\\/\\\/fincavinedosdebutron.com\\\/en\\\/contact\\\/\",\"name\":\"Contact - Finca Vi\u00f1edos de Butr\u00f3n\",\"isPartOf\":{\"@id\":\"https:\\\/\\\/fincavinedosdebutron.com\\\/de\\\/#website\"},\"datePublished\":\"2021-07-27T15:03:59+00:00\",\"dateModified\":\"2022-08-08T07:57:51+00:00\",\"breadcrumb\":{\"@id\":\"http:\\\/\\\/fincavinedosdebutron.com\\\/en\\\/contact\\\/#breadcrumb\"},\"inLanguage\":\"en-US\",\"potentialAction\":[{\"@type\":\"ReadAction\",\"target\":[\"http:\\\/\\\/fincavinedosdebutron.com\\\/en\\\/contact\\\/\"]}]},{\"@type\":\"BreadcrumbList\",\"@id\":\"http:\\\/\\\/fincavinedosdebutron.com\\\/en\\\/contact\\\/#breadcrumb\",\"itemListElement\":[{\"@type\":\"ListItem\",\"position\":1,\"name\":\"Portada\",\"item\":\"http:\\\/\\\/fincavinedosdebutron.com\\\/en\\\/\"},{\"@type\":\"ListItem\",\"position\":2,\"name\":\"Contact\"}]},{\"@type\":\"WebSite\",\"@id\":\"https:\\\/\\\/fincavinedosdebutron.com\\\/de\\\/#website\",\"url\":\"https:\\\/\\\/fincavinedosdebutron.com\\\/de\\\/\",\"name\":\"Finca Vi\u00f1edos de Butr\u00f3n\",\"description\":\"Otro sitio realizado con WordPress\",\"potentialAction\":[{\"@type\":\"SearchAction\",\"target\":{\"@type\":\"EntryPoint\",\"urlTemplate\":\"https:\\\/\\\/fincavinedosdebutron.com\\\/de\\\/?s={search_term_string}\"},\"query-input\":{\"@type\":\"PropertyValueSpecification\",\"valueRequired\":true,\"valueName\":\"search_term_string\"}}],\"inLanguage\":\"en-US\"}]}<\/script>\n<!-- \/ Yoast SEO plugin. -->","yoast_head_json":{"title":"Contact - Finca Vi\u00f1edos de Butr\u00f3n","robots":{"index":"index","follow":"follow","max-snippet":"max-snippet:-1","max-image-preview":"max-image-preview:large","max-video-preview":"max-video-preview:-1"},"canonical":"http:\/\/fincavinedosdebutron.com\/en\/contact\/","og_locale":"en_US","og_type":"article","og_title":"Contact - Finca Vi\u00f1edos de Butr\u00f3n","og_description":"[vc_section full_width=&#8221;stretch_row&#8221; css=&#8221;.vc_custom_1627398147768{margin-top: -50px !important;padding-top: 250px !important;padding-bottom: 50px !important;background-image: url(https:\/\/fincavinedosdebutron.com\/wp-content\/uploads\/2021\/07\/contacto-header.jpg?id=359) !important;background-position: center !important;background-repeat: no-repeat !important;background-size: cover !important;}&#8221;][vc_row full_width=&#8221;stretch_row&#8221;][vc_column][vc_column_text] Contact [\/vc_column_text][\/vc_column][\/vc_row][\/vc_section][vc_section full_width=&#8221;stretch_row&#8221; content_placement=&#8221;middle&#8221; css=&#8221;.vc_custom_1627469295958{margin-top: 64px !important;background-image: url(https:\/\/fincavinedosdebutron.com\/wp-content\/uploads\/2021\/07\/finca-vinedos-contacto.jpg?id=298) !important;background-position: center !important;background-repeat: no-repeat !important;background-size: contain !important;}&#8221; el_class=&#8221;section-contacto&#8221;][vc_row css=&#8221;.vc_custom_1627385210711{margin-top: 64px !important;}&#8221;][vc_column offset=&#8221;vc_hidden-lg vc_hidden-md vc_col-xs-12&#8243; css=&#8221;.vc_custom_1627385280683{margin-top: 64px !important;padding-top: 250px !important;padding-bottom: 250px !important;background-image: url(https:\/\/fincavinedosdebutron.com\/wp-content\/uploads\/2021\/07\/finca-vinedos-contacto.jpg?id=298) !important;background-position: center !important;background-repeat: no-repeat !important;background-size: cover !important;}&#8221;][\/vc_column][vc_column&hellip;","og_url":"http:\/\/fincavinedosdebutron.com\/en\/contact\/","og_site_name":"Finca Vi\u00f1edos de Butr\u00f3n","article_modified_time":"2022-08-08T07:57:51+00:00","twitter_card":"summary_large_image","twitter_misc":{"Est. reading time":"1 minute"},"schema":{"@context":"https:\/\/schema.org","@graph":[{"@type":"WebPage","@id":"http:\/\/fincavinedosdebutron.com\/en\/contact\/","url":"http:\/\/fincavinedosdebutron.com\/en\/contact\/","name":"Contact - Finca Vi\u00f1edos de Butr\u00f3n","isPartOf":{"@id":"https:\/\/fincavinedosdebutron.com\/de\/#website"},"datePublished":"2021-07-27T15:03:59+00:00","dateModified":"2022-08-08T07:57:51+00:00","breadcrumb":{"@id":"http:\/\/fincavinedosdebutron.com\/en\/contact\/#breadcrumb"},"inLanguage":"en-US","potentialAction":[{"@type":"ReadAction","target":["http:\/\/fincavinedosdebutron.com\/en\/contact\/"]}]},{"@type":"BreadcrumbList","@id":"http:\/\/fincavinedosdebutron.com\/en\/contact\/#breadcrumb","itemListElement":[{"@type":"ListItem","position":1,"name":"Portada","item":"http:\/\/fincavinedosdebutron.com\/en\/"},{"@type":"ListItem","position":2,"name":"Contact"}]},{"@type":"WebSite","@id":"https:\/\/fincavinedosdebutron.com\/de\/#website","url":"https:\/\/fincavinedosdebutron.com\/de\/","name":"Finca Vi\u00f1edos de Butr\u00f3n","description":"Otro sitio realizado con WordPress","potentialAction":[{"@type":"SearchAction","target":{"@type":"EntryPoint","urlTemplate":"https:\/\/fincavinedosdebutron.com\/de\/?s={search_term_string}"},"query-input":{"@type":"PropertyValueSpecification","valueRequired":true,"valueName":"search_term_string"}}],"inLanguage":"en-US"}]}},"_links":{"self":[{"href":"https:\/\/fincavinedosdebutron.com\/en\/wp-json\/wp\/v2\/pages\/615","targetHints":{"allow":["GET"]}}],"collection":[{"href":"https:\/\/fincavinedosdebutron.com\/en\/wp-json\/wp\/v2\/pages"}],"about":[{"href":"https:\/\/fincavinedosdebutron.com\/en\/wp-json\/wp\/v2\/types\/page"}],"author":[{"embeddable":true,"href":"https:\/\/fincavinedosdebutron.com\/en\/wp-json\/wp\/v2\/users\/1"}],"replies":[{"embeddable":true,"href":"https:\/\/fincavinedosdebutron.com\/en\/wp-json\/wp\/v2\/comments?post=615"}],"version-history":[{"count":4,"href":"https:\/\/fincavinedosdebutron.com\/en\/wp-json\/wp\/v2\/pages\/615\/revisions"}],"predecessor-version":[{"id":645,"href":"https:\/\/fincavinedosdebutron.com\/en\/wp-json\/wp\/v2\/pages\/615\/revisions\/645"}],"wp:attachment":[{"href":"https:\/\/fincavinedosdebutron.com\/en\/wp-json\/wp\/v2\/media?parent=615"}],"curies":[{"name":"wp","href":"https:\/\/api.w.org\/{rel}","templated":true}]}}